{"id":4492,"date":"2019-09-06T09:47:30","date_gmt":"2019-09-06T09:47:30","guid":{"rendered":"https:\/\/stonesizepanels.com\/?page_id=4492"},"modified":"2019-09-06T09:47:30","modified_gmt":"2019-09-06T09:47:30","slug":"politica-de-calidad-y-medio-ambiente","status":"publish","type":"page","link":"https:\/\/stonesizepanels.com\/es\/politica-de-calidad-y-medio-ambiente","title":{"rendered":"Pol\u00edtica de calidad y medio ambiente"},"content":{"rendered":"<div class=\"fusion-fullwidth fullwidth-box fusion-builder-row-1 nonhundred-percent-fullwidth non-hundred-percent-height-scrolling\" style=\"--awb-border-radius-top-left:0px;--awb-border-radius-top-right:0px;--awb-border-radius-bottom-right:0px;--awb-border-radius-bottom-left:0px;--awb-flex-wrap:wrap;\" ><div class=\"fusion-builder-row fusion-row\"><div class=\"fusion-layout-column fusion_builder_column fusion-builder-column-0 fusion_builder_column_1_1 1_1 fusion-one-full fusion-column-first fusion-column-last\" style=\"--awb-bg-size:cover;\"><div class=\"fusion-column-wrapper fusion-column-has-shadow fusion-flex-column-wrapper-legacy\"><div class=\"fusion-text fusion-text-1\"><h2 style=\"text-align: center;\">Pol\u00edtica<strong> de calidad y medio <\/strong>ambiente<\/h2>\n<\/div><div class=\"fusion-clearfix\"><\/div><\/div><\/div><div class=\"fusion-layout-column fusion_builder_column fusion-builder-column-1 fusion_builder_column_1_2 1_2 fusion-one-half fusion-column-first\" style=\"--awb-bg-size:cover;width:50%;width:calc(50% - ( ( 4% ) * 0.5 ) );margin-right: 4%;\"><div class=\"fusion-column-wrapper fusion-column-has-shadow fusion-flex-column-wrapper-legacy\"><div class=\"fusion-image-element in-legacy-container\" style=\"--awb-caption-title-font-family:var(--h2_typography-font-family);--awb-caption-title-font-weight:var(--h2_typography-font-weight);--awb-caption-title-font-style:var(--h2_typography-font-style);--awb-caption-title-size:var(--h2_typography-font-size);--awb-caption-title-transform:var(--h2_typography-text-transform);--awb-caption-title-line-height:var(--h2_typography-line-height);--awb-caption-title-letter-spacing:var(--h2_typography-letter-spacing);\"><span class=\" fusion-imageframe imageframe-none imageframe-1 hover-type-none\"><img decoding=\"async\" width=\"2670\" height=\"2606\" title=\"SGS-ISO-14001-COLOR\" src=\"https:\/\/stonesizepanels.com\/wp-content\/uploads\/2019\/09\/SGS-ISO-14001-COLOR.png\" alt class=\"img-responsive wp-image-4483\" srcset=\"https:\/\/stonesizepanels.com\/wp-content\/uploads\/2019\/09\/SGS-ISO-14001-COLOR-200x195.png 200w, https:\/\/stonesizepanels.com\/wp-content\/uploads\/2019\/09\/SGS-ISO-14001-COLOR-400x390.png 400w, https:\/\/stonesizepanels.com\/wp-content\/uploads\/2019\/09\/SGS-ISO-14001-COLOR-600x586.png 600w, https:\/\/stonesizepanels.com\/wp-content\/uploads\/2019\/09\/SGS-ISO-14001-COLOR-800x781.png 800w, https:\/\/stonesizepanels.com\/wp-content\/uploads\/2019\/09\/SGS-ISO-14001-COLOR-1200x1171.png 1200w, https:\/\/stonesizepanels.com\/wp-content\/uploads\/2019\/09\/SGS-ISO-14001-COLOR.png 2670w\" sizes=\"(max-width: 1000px) 100vw, 600px\" \/><\/span><\/div><div class=\"fusion-clearfix\"><\/div><\/div><\/div><div class=\"fusion-layout-column fusion_builder_column fusion-builder-column-2 fusion_builder_column_1_2 1_2 fusion-one-half fusion-column-last\" style=\"--awb-bg-size:cover;width:50%;width:calc(50% - ( ( 4% ) * 0.5 ) );\"><div class=\"fusion-column-wrapper fusion-column-has-shadow fusion-flex-column-wrapper-legacy\"><div class=\"fusion-image-element in-legacy-container\" style=\"--awb-caption-title-font-family:var(--h2_typography-font-family);--awb-caption-title-font-weight:var(--h2_typography-font-weight);--awb-caption-title-font-style:var(--h2_typography-font-style);--awb-caption-title-size:var(--h2_typography-font-size);--awb-caption-title-transform:var(--h2_typography-text-transform);--awb-caption-title-line-height:var(--h2_typography-line-height);--awb-caption-title-letter-spacing:var(--h2_typography-letter-spacing);\"><span class=\" fusion-imageframe imageframe-none imageframe-2 hover-type-none\"><img decoding=\"async\" width=\"2667\" height=\"2606\" title=\"SGS-ISO-9001-COLOR\" src=\"https:\/\/stonesizepanels.com\/wp-content\/uploads\/2019\/09\/SGS-ISO-9001-COLOR.png\" alt class=\"img-responsive wp-image-4485\" srcset=\"https:\/\/stonesizepanels.com\/wp-content\/uploads\/2019\/09\/SGS-ISO-9001-COLOR-200x195.png 200w, https:\/\/stonesizepanels.com\/wp-content\/uploads\/2019\/09\/SGS-ISO-9001-COLOR-400x391.png 400w, https:\/\/stonesizepanels.com\/wp-content\/uploads\/2019\/09\/SGS-ISO-9001-COLOR-600x586.png 600w, https:\/\/stonesizepanels.com\/wp-content\/uploads\/2019\/09\/SGS-ISO-9001-COLOR-800x782.png 800w, https:\/\/stonesizepanels.com\/wp-content\/uploads\/2019\/09\/SGS-ISO-9001-COLOR-1200x1173.png 1200w, https:\/\/stonesizepanels.com\/wp-content\/uploads\/2019\/09\/SGS-ISO-9001-COLOR.png 2667w\" sizes=\"(max-width: 1000px) 100vw, 600px\" \/><\/span><\/div><div class=\"fusion-clearfix\"><\/div><\/div><\/div><div class=\"fusion-layout-column fusion_builder_column fusion-builder-column-3 fusion_builder_column_1_1 1_1 fusion-one-full fusion-column-first fusion-column-last\" style=\"--awb-bg-size:cover;--awb-margin-top:100px;\"><div class=\"fusion-column-wrapper fusion-column-has-shadow fusion-flex-column-wrapper-legacy\"><div class=\"fusion-text fusion-text-2\"><p class=\"tw-data-text tw-ta tw-text-small\" dir=\"ltr\" data-placeholder=\"Traducci\u00f3n\"><span lang=\"en\" tabindex=\"0\">LUXURY STONE TINO, S.L.<\/span><\/p>\n<p>Empresa especializada en \u00abLa comercializaci\u00f3n de productos en piedra natural\u00bb. Nuestro objetivo es trabajar bajo un sistema de CALIDAD documentado y verificado regularmente, al nivel establecido por las normas UNE-EN-ISO 9001: 2015 y UNE-EN-ISO 14001: 2015, como una forma de garantizar que todos los requisitos aplicables son reuni\u00f3. Empresa y la mejora del medio ambiente.<\/p>\n<h2><strong>Compromisos<\/strong><\/h2>\n<p>Nos comprometemos a cumplir los requisitos de nuestros clientes, partes interesadas y los requisitos legales y reglamentarios, as\u00ed como otros requisitos que la organizaci\u00f3n suscriba. Nos comprometemos a mejorar continuamente la eficacia del Sistema de Gesti\u00f3n de Calidad y Medio Ambiente, con el objetivo de alcanzar los objetivos de la empresa de la manera m\u00e1s eficiente para satisfacer a los clientes y las partes interesadas y respetar el medio ambiente, evitando la contaminaci\u00f3n. Nos comprometemos a ofrecer la m\u00e1s alta calidad de nuestros productos de manera estandarizada, entendida para la satisfacci\u00f3n total del cliente, como garant\u00eda de continuidad, crecimiento y desarrollo. Proporcionar los recursos materiales y humanos necesarios para el logro de los objetivos, con la convicci\u00f3n de que el costo que esto implica no es m\u00e1s que la inversi\u00f3n m\u00e1s rentable a la que puede aspirar esta empresa.<\/p>\n<h2><strong>Estrategias<\/strong><\/h2>\n<p>Utilice la gesti\u00f3n de la calidad como una herramienta para la mejora continua, que permite eliminar los costos de la no calidad que afectan, por una parte, a la insatisfacci\u00f3n de los clientes y, por otra parte, a la p\u00e9rdida de competitividad de nuestra empresa. Satisfacer las necesidades y expectativas de nuestros clientes con respecto a la calidad de los productos de piedra natural y las condiciones de entrega, como garant\u00eda de continuidad, crecimiento y desarrollo. Utilizaremos la gesti\u00f3n de calidad como una herramienta para la mejora continua, lo que nos permite optimizar la gesti\u00f3n interna de nuestra empresa, buscando satisfacer las necesidades y expectativas de nuestros clientes. Transmitiremos la cultura de la calidad y el medio ambiente a todo el personal, d\u00e1ndoles a conocer la importancia de su papel en la contribuci\u00f3n a la imagen buscada con el cliente y el resto de las partes interesadas y el respeto por el medio ambiente. Administrar la oficina y las instalaciones de manera que se reduzcan los impactos ambientales negativos y el uso de los recursos naturales. Hacer de la CALIDAD en nuestra empresa una diferencia de concepto con respecto a la competencia.<\/p>\n<\/div><div class=\"fusion-clearfix\"><\/div><\/div><\/div><\/div><\/div>\n","protected":false},"excerpt":{"rendered":"","protected":false},"author":2,"featured_media":0,"parent":0,"menu_order":0,"comment_status":"closed","ping_status":"closed","template":"","meta":{"footnotes":""},"class_list":["post-4492","page","type-page","status-publish","hentry"],"yoast_head":"<!-- This site is optimized with the Yoast SEO plugin v27.4 - https:\/\/yoast.com\/product\/yoast-seo-wordpress\/ -->\n<title>Pol\u00edtica de calidad y medio ambiente - Stonesize\u00ae<\/title>\n<meta name=\"robots\" content=\"index, follow, max-snippet:-1, max-image-preview:large, max-video-preview:-1\" \/>\n<link rel=\"canonical\" href=\"https:\/\/stonesizepanels.com\/es\/politica-de-calidad-y-medio-ambiente\" \/>\n<meta property=\"og:locale\" content=\"es_ES\" \/>\n<meta property=\"og:type\" content=\"article\" \/>\n<meta property=\"og:title\" content=\"Pol\u00edtica de calidad y medio ambiente - Stonesize\u00ae\" \/>\n<meta property=\"og:url\" content=\"https:\/\/stonesizepanels.com\/es\/politica-de-calidad-y-medio-ambiente\" \/>\n<meta property=\"og:site_name\" content=\"Stonesize\u00ae\" \/>\n<meta property=\"article:publisher\" content=\"https:\/\/www.facebook.com\/tinonaturalstone\/\" \/>\n<meta name=\"twitter:card\" content=\"summary_large_image\" \/>\n<meta name=\"twitter:label1\" content=\"Tiempo de lectura\" \/>\n\t<meta name=\"twitter:data1\" content=\"5 minutos\" \/>\n<script type=\"application\/ld+json\" class=\"yoast-schema-graph\">{\"@context\":\"https:\\\/\\\/schema.org\",\"@graph\":[{\"@type\":\"WebPage\",\"@id\":\"https:\\\/\\\/stonesizepanels.com\\\/es\\\/politica-de-calidad-y-medio-ambiente\",\"url\":\"https:\\\/\\\/stonesizepanels.com\\\/es\\\/politica-de-calidad-y-medio-ambiente\",\"name\":\"Pol\u00edtica de calidad y medio ambiente - Stonesize\u00ae\",\"isPartOf\":{\"@id\":\"https:\\\/\\\/stonesizepanels.com\\\/#website\"},\"datePublished\":\"2019-09-06T09:47:30+00:00\",\"breadcrumb\":{\"@id\":\"https:\\\/\\\/stonesizepanels.com\\\/es\\\/politica-de-calidad-y-medio-ambiente#breadcrumb\"},\"inLanguage\":\"es\",\"potentialAction\":[{\"@type\":\"ReadAction\",\"target\":[\"https:\\\/\\\/stonesizepanels.com\\\/es\\\/politica-de-calidad-y-medio-ambiente\"]}]},{\"@type\":\"BreadcrumbList\",\"@id\":\"https:\\\/\\\/stonesizepanels.com\\\/es\\\/politica-de-calidad-y-medio-ambiente#breadcrumb\",\"itemListElement\":[{\"@type\":\"ListItem\",\"position\":1,\"name\":\"Portada\",\"item\":\"https:\\\/\\\/stonesizepanels.com\\\/es\"},{\"@type\":\"ListItem\",\"position\":2,\"name\":\"Pol\u00edtica de calidad y medio ambiente\"}]},{\"@type\":\"WebSite\",\"@id\":\"https:\\\/\\\/stonesizepanels.com\\\/#website\",\"url\":\"https:\\\/\\\/stonesizepanels.com\\\/\",\"name\":\"Stonesize\u00ae\",\"description\":\"Ultralight Natural Stone Panels\",\"publisher\":{\"@id\":\"https:\\\/\\\/stonesizepanels.com\\\/#organization\"},\"potentialAction\":[{\"@type\":\"SearchAction\",\"target\":{\"@type\":\"EntryPoint\",\"urlTemplate\":\"https:\\\/\\\/stonesizepanels.com\\\/?s={search_term_string}\"},\"query-input\":{\"@type\":\"PropertyValueSpecification\",\"valueRequired\":true,\"valueName\":\"search_term_string\"}}],\"inLanguage\":\"es\"},{\"@type\":\"Organization\",\"@id\":\"https:\\\/\\\/stonesizepanels.com\\\/#organization\",\"name\":\"Stonesize Panels\",\"url\":\"https:\\\/\\\/stonesizepanels.com\\\/\",\"logo\":{\"@type\":\"ImageObject\",\"inLanguage\":\"es\",\"@id\":\"https:\\\/\\\/stonesizepanels.com\\\/#\\\/schema\\\/logo\\\/image\\\/\",\"url\":\"https:\\\/\\\/stonesizepanels.com\\\/wp-content\\\/uploads\\\/2019\\\/10\\\/Stonesize-Logo-footer.png\",\"contentUrl\":\"https:\\\/\\\/stonesizepanels.com\\\/wp-content\\\/uploads\\\/2019\\\/10\\\/Stonesize-Logo-footer.png\",\"width\":151,\"height\":29,\"caption\":\"Stonesize Panels\"},\"image\":{\"@id\":\"https:\\\/\\\/stonesizepanels.com\\\/#\\\/schema\\\/logo\\\/image\\\/\"},\"sameAs\":[\"https:\\\/\\\/www.facebook.com\\\/tinonaturalstone\\\/\",\"https:\\\/\\\/www.instagram.com\\\/tinonaturalstone\\\/\",\"https:\\\/\\\/www.youtube.com\\\/channel\\\/UCe5cq4hxks4UkTn4kbWNZCw\"]}]}<\/script>\n<!-- \/ Yoast SEO plugin. -->","yoast_head_json":{"title":"Pol\u00edtica de calidad y medio ambiente - Stonesize\u00ae","robots":{"index":"index","follow":"follow","max-snippet":"max-snippet:-1","max-image-preview":"max-image-preview:large","max-video-preview":"max-video-preview:-1"},"canonical":"https:\/\/stonesizepanels.com\/es\/politica-de-calidad-y-medio-ambiente","og_locale":"es_ES","og_type":"article","og_title":"Pol\u00edtica de calidad y medio ambiente - Stonesize\u00ae","og_url":"https:\/\/stonesizepanels.com\/es\/politica-de-calidad-y-medio-ambiente","og_site_name":"Stonesize\u00ae","article_publisher":"https:\/\/www.facebook.com\/tinonaturalstone\/","twitter_card":"summary_large_image","twitter_misc":{"Tiempo de lectura":"5 minutos"},"schema":{"@context":"https:\/\/schema.org","@graph":[{"@type":"WebPage","@id":"https:\/\/stonesizepanels.com\/es\/politica-de-calidad-y-medio-ambiente","url":"https:\/\/stonesizepanels.com\/es\/politica-de-calidad-y-medio-ambiente","name":"Pol\u00edtica de calidad y medio ambiente - Stonesize\u00ae","isPartOf":{"@id":"https:\/\/stonesizepanels.com\/#website"},"datePublished":"2019-09-06T09:47:30+00:00","breadcrumb":{"@id":"https:\/\/stonesizepanels.com\/es\/politica-de-calidad-y-medio-ambiente#breadcrumb"},"inLanguage":"es","potentialAction":[{"@type":"ReadAction","target":["https:\/\/stonesizepanels.com\/es\/politica-de-calidad-y-medio-ambiente"]}]},{"@type":"BreadcrumbList","@id":"https:\/\/stonesizepanels.com\/es\/politica-de-calidad-y-medio-ambiente#breadcrumb","itemListElement":[{"@type":"ListItem","position":1,"name":"Portada","item":"https:\/\/stonesizepanels.com\/es"},{"@type":"ListItem","position":2,"name":"Pol\u00edtica de calidad y medio ambiente"}]},{"@type":"WebSite","@id":"https:\/\/stonesizepanels.com\/#website","url":"https:\/\/stonesizepanels.com\/","name":"Stonesize\u00ae","description":"Ultralight Natural Stone Panels","publisher":{"@id":"https:\/\/stonesizepanels.com\/#organization"},"potentialAction":[{"@type":"SearchAction","target":{"@type":"EntryPoint","urlTemplate":"https:\/\/stonesizepanels.com\/?s={search_term_string}"},"query-input":{"@type":"PropertyValueSpecification","valueRequired":true,"valueName":"search_term_string"}}],"inLanguage":"es"},{"@type":"Organization","@id":"https:\/\/stonesizepanels.com\/#organization","name":"Stonesize Panels","url":"https:\/\/stonesizepanels.com\/","logo":{"@type":"ImageObject","inLanguage":"es","@id":"https:\/\/stonesizepanels.com\/#\/schema\/logo\/image\/","url":"https:\/\/stonesizepanels.com\/wp-content\/uploads\/2019\/10\/Stonesize-Logo-footer.png","contentUrl":"https:\/\/stonesizepanels.com\/wp-content\/uploads\/2019\/10\/Stonesize-Logo-footer.png","width":151,"height":29,"caption":"Stonesize Panels"},"image":{"@id":"https:\/\/stonesizepanels.com\/#\/schema\/logo\/image\/"},"sameAs":["https:\/\/www.facebook.com\/tinonaturalstone\/","https:\/\/www.instagram.com\/tinonaturalstone\/","https:\/\/www.youtube.com\/channel\/UCe5cq4hxks4UkTn4kbWNZCw"]}]}},"_links":{"self":[{"href":"https:\/\/stonesizepanels.com\/es\/wp-json\/wp\/v2\/pages\/4492","targetHints":{"allow":["GET"]}}],"collection":[{"href":"https:\/\/stonesizepanels.com\/es\/wp-json\/wp\/v2\/pages"}],"about":[{"href":"https:\/\/stonesizepanels.com\/es\/wp-json\/wp\/v2\/types\/page"}],"author":[{"embeddable":true,"href":"https:\/\/stonesizepanels.com\/es\/wp-json\/wp\/v2\/users\/2"}],"replies":[{"embeddable":true,"href":"https:\/\/stonesizepanels.com\/es\/wp-json\/wp\/v2\/comments?post=4492"}],"version-history":[{"count":3,"href":"https:\/\/stonesizepanels.com\/es\/wp-json\/wp\/v2\/pages\/4492\/revisions"}],"predecessor-version":[{"id":4496,"href":"https:\/\/stonesizepanels.com\/es\/wp-json\/wp\/v2\/pages\/4492\/revisions\/4496"}],"wp:attachment":[{"href":"https:\/\/stonesizepanels.com\/es\/wp-json\/wp\/v2\/media?parent=4492"}],"curies":[{"name":"wp","href":"https:\/\/api.w.org\/{rel}","templated":true}]}}